{"id":77,"date":"2024-03-28T15:17:38","date_gmt":"2024-03-28T14:17:38","guid":{"rendered":"https:\/\/snapcase.fun\/?page_id=77"},"modified":"2024-04-09T08:31:56","modified_gmt":"2024-04-09T06:31:56","slug":"impressum","status":"publish","type":"page","link":"https:\/\/snapcase.fun\/?page_id=77","title":{"rendered":"Impressum"},"content":{"rendered":"\n<p><strong>Firmenname:<\/strong> Snapcase &#8211; Cajetan Benkiser<\/p>\n\n\n\n<p><strong>Gesch\u00e4ftsf\u00fchrung:<\/strong> Cajetan Benkiser<\/p>\n\n\n\n<p><strong>Adresse:<\/strong> Dorfweg 42, 71711 Murr a.d. Murr<\/p>\n\n\n\n<p><strong>Telefon:<\/strong> 015234369193<\/p>\n\n\n\n<p><strong>E-Mail:<\/strong> info@snapcase.fun<\/p>\n\n\n\n<h4 class=\"wp-block-heading\">Haftungsausschluss:<\/h4>\n\n\n\n<p>Die Inhalte unserer Seiten wurden mit gr\u00f6\u00dfter Sorgfalt erstellt. F\u00fcr die Richtigkeit, Vollst\u00e4ndigkeit und Aktualit\u00e4t der Inhalte k\u00f6nnen wir jedoch keine Gew\u00e4hr \u00fcbernehmen. Als Diensteanbieter sind wir gem\u00e4\u00df \u00a7 7 Abs.1 TMG f\u00fcr eigene Inhalte auf diesen Seiten nach den allgemeinen Gesetzen verantwortlich. Nach \u00a7\u00a7 8 bis 10 TMG sind wir als Diensteanbieter jedoch nicht verpflichtet, \u00fcbermittelte oder gespeicherte fremde Informationen zu \u00fcberwachen oder nach Umst\u00e4nden zu forschen, die auf eine rechtswidrige T\u00e4tigkeit hinweisen.<\/p>\n\n\n\n<h4 class=\"wp-block-heading\">Urheberrecht:<\/h4>\n\n\n\n<p>Die durch die Seitenbetreiber erstellten Inhalte und Werke auf diesen Seiten unterliegen dem deutschen Urheberrecht. Die Vervielf\u00e4ltigung, Bearbeitung, Verbreitung und jede Art der Verwertung au\u00dferhalb der Grenzen des Urheberrechtes bed\u00fcrfen der schriftlichen Zustimmung des bzw. Erstellers.<\/p>\n","protected":false},"excerpt":{"rendered":"<p>Firmenname: Snapcase &#8211; Cajetan Benkiser Gesch\u00e4ftsf\u00fchrung: Cajetan Benkiser Adresse: Dorfweg 42, 71711 Murr a.d. Murr Telefon: 015234369193 E-Mail: info@snapcase.fun Haftungsausschluss: Die Inhalte unserer Seiten wurden mit gr\u00f6\u00dfter Sorgfalt erstellt. F\u00fcr die Richtigkeit, Vollst\u00e4ndigkeit und Aktualit\u00e4t der Inhalte k\u00f6nnen wir jedoch keine Gew\u00e4hr \u00fcbernehmen. Als Diensteanbieter sind wir gem\u00e4\u00df \u00a7 7 Abs.1 TMG f\u00fcr eigene Inhalte [&hellip;]<\/p>\n","protected":false},"author":1,"featured_media":0,"parent":0,"menu_order":0,"comment_status":"closed","ping_status":"closed","template":"","meta":{"footnotes":""},"_links":{"self":[{"href":"https:\/\/snapcase.fun\/index.php?rest_route=\/wp\/v2\/pages\/77"}],"collection":[{"href":"https:\/\/snapcase.fun\/index.php?rest_route=\/wp\/v2\/pages"}],"about":[{"href":"https:\/\/snapcase.fun\/index.php?rest_route=\/wp\/v2\/types\/page"}],"author":[{"embeddable":true,"href":"https:\/\/snapcase.fun\/index.php?rest_route=\/wp\/v2\/users\/1"}],"replies":[{"embeddable":true,"href":"https:\/\/snapcase.fun\/index.php?rest_route=%2Fwp%2Fv2%2Fcomments&post=77"}],"version-history":[{"count":2,"href":"https:\/\/snapcase.fun\/index.php?rest_route=\/wp\/v2\/pages\/77\/revisions"}],"predecessor-version":[{"id":101,"href":"https:\/\/snapcase.fun\/index.php?rest_route=\/wp\/v2\/pages\/77\/revisions\/101"}],"wp:attachment":[{"href":"https:\/\/snapcase.fun\/index.php?rest_route=%2Fwp%2Fv2%2Fmedia&parent=77"}],"curies":[{"name":"wp","href":"https:\/\/api.w.org\/{rel}","templated":true}]}}